{"id":33,"date":"2025-01-28T09:58:06","date_gmt":"2025-01-28T08:58:06","guid":{"rendered":"http:\/\/localhost:8888\/gastronomia-trevigiana\/?page_id=33"},"modified":"2025-02-12T18:15:29","modified_gmt":"2025-02-12T17:15:29","slug":"rivendita","status":"publish","type":"page","link":"http:\/\/gastronomiatrevigiana.com\/index.php\/rivendita\/","title":{"rendered":"Lavora con noi"},"content":{"rendered":"\n<div class=\"wp-block-cover alignfull\"><span aria-hidden=\"true\" class=\"wp-block-cover__background has-background-dim-70 has-background-dim\" style=\"background-color:#4d382f\"><\/span><img loading=\"lazy\" decoding=\"async\" width=\"1280\" height=\"721\" class=\"wp-block-cover__image-background wp-image-432\" alt=\"piatti pronti\" src=\"http:\/\/localhost:8888\/gastronomia-trevigiana\/wp-content\/uploads\/2025\/02\/pexels-jade-188972651.jpg\" data-object-fit=\"cover\" srcset=\"http:\/\/gastronomiatrevigiana.com\/wp-content\/uploads\/2025\/02\/pexels-jade-188972651.jpg 1280w, http:\/\/gastronomiatrevigiana.com\/wp-content\/uploads\/2025\/02\/pexels-jade-188972651-300x169.jpg 300w, http:\/\/gastronomiatrevigiana.com\/wp-content\/uploads\/2025\/02\/pexels-jade-188972651-1024x577.jpg 1024w, http:\/\/gastronomiatrevigiana.com\/wp-content\/uploads\/2025\/02\/pexels-jade-188972651-768x433.jpg 768w\" sizes=\"auto, (max-width: 1280px) 100vw, 1280px\" \/><div class=\"wp-block-cover__inner-container is-layout-constrained wp-block-cover-is-layout-constrained\">\n<h1 class=\"wp-block-heading has-text-align-center has-ast-global-color-4-color has-text-color has-link-color has-large-font-size wp-elements-51927c1c1398910db9b1188657ea1466\">Rivendita<\/h1>\n<\/div><\/div>\n\n\n\n<div class=\"wp-block-group alignfull has-ast-global-color-3-color has-ast-global-color-5-background-color has-text-color has-background has-link-color wp-elements-5e5d058438ead8fba9f0eaac977f8a45 is-layout-constrained wp-block-group-is-layout-constrained\">\n<h2 class=\"wp-block-heading has-text-align-center has-ast-global-color-3-color has-text-color has-link-color has-large-font-size wp-elements-a0433976256b517a2bcb2835d43bd472\">Qualit\u00e0 artigianale per la tua attivit\u00e0<\/h2>\n\n\n\n<p class=\"has-text-align-center\">Offriamo una selezione di piatti pronti e specialit\u00e0 gastronomiche, preparate nel nostro laboratorio con ingredienti di qualit\u00e0. Perfetti per bar e negozi alimentari che desiderano arricchire la loro offerta con soluzioni pratiche e gustose.<\/p>\n\n\n\n<p class=\"has-text-align-center\">I nostri prodotti sono disponibili sia sfusi che confezionati sottovuoto o in ATM, garantendo freschezza e praticit\u00e0 per la tua attivit\u00e0. Che tu voglia proporre un pranzo veloce nel tuo bar o ampliare la gamma della tua gastronomia, siamo il partner ideale per te!<\/p>\n\n\n\n<p class=\"has-text-align-center\"><a href=\"http:\/\/localhost:8888\/gastronomia-trevigiana\/index.php\/contatti\/\">Contattaci<\/a> per scoprire le nostre proposte e condizioni di fornitura.<\/p>\n\n\n\n<div class=\"wp-block-buttons is-content-justification-center is-layout-flex wp-container-core-buttons-is-layout-a89b3969 wp-block-buttons-is-layout-flex\">\n<div class=\"wp-block-button is-style-outline is-style-outline--1\"><a class=\"wp-block-button__link wp-element-button\" href=\"tel:+390422301590\"><strong>Chiama<\/strong><\/a><\/div>\n\n\n\n<div class=\"wp-block-button is-style-outline is-style-outline--2\"><a class=\"wp-block-button__link wp-element-button\" href=\"mailto: gastronimiatrevigiana@gmail.com\"><strong>Scrivi<\/strong>ci<\/a><\/div>\n<\/div>\n<\/div>\n\n\n\n<p><\/p>\n","protected":false},"excerpt":{"rendered":"<p>Qualit\u00e0 artigianale per la tua attivit\u00e0 Offriamo una selezione di piatti pronti e specialit\u00e0 gastronomiche, preparate nel nostro laboratorio con [&hellip;]<\/p>\n","protected":false},"author":1,"featured_media":0,"parent":0,"menu_order":0,"comment_status":"closed","ping_status":"closed","template":"","meta":{"site-sidebar-layout":"default","site-content-layout":"","ast-site-content-layout":"","site-content-style":"default","site-sidebar-style":"default","ast-global-header-display":"","ast-banner-title-visibility":"","ast-main-header-display":"","ast-hfb-above-header-display":"","ast-hfb-below-header-display":"","ast-hfb-mobile-header-display":"","site-post-title":"disabled","ast-breadcrumbs-content":"","ast-featured-img":"","footer-sml-layout":"","ast-disable-related-posts":"","theme-transparent-header-meta":"","adv-header-id-meta":"","stick-header-meta":"","header-above-stick-meta":"","header-main-stick-meta":"","header-below-stick-meta":"","astra-migrate-meta-layouts":"default","ast-page-background-enabled":"default","ast-page-background-meta":{"desktop":{"background-color":"var(--ast-global-color-5)","background-image":"","background-repeat":"repeat","background-position":"center center","background-size":"auto","background-attachment":"scroll","background-type":"","background-media":"","overlay-type":"","overlay-color":"","overlay-opacity":"","overlay-gradient":""},"tablet":{"background-color":"","background-image":"","background-repeat":"repeat","background-position":"center center","background-size":"auto","background-attachment":"scroll","background-type":"","background-media":"","overlay-type":"","overlay-color":"","overlay-opacity":"","overlay-gradient":""},"mobile":{"background-color":"","background-image":"","background-repeat":"repeat","background-position":"center center","background-size":"auto","background-attachment":"scroll","background-type":"","background-media":"","overlay-type":"","overlay-color":"","overlay-opacity":"","overlay-gradient":""}},"ast-content-background-meta":{"desktop":{"background-color":"var(--ast-global-color-4)","background-image":"","background-repeat":"repeat","background-position":"center center","background-size":"auto","background-attachment":"scroll","background-type":"","background-media":"","overlay-type":"","overlay-color":"","overlay-opacity":"","overlay-gradient":""},"tablet":{"background-color":"var(--ast-global-color-4)","background-image":"","background-repeat":"repeat","background-position":"center center","background-size":"auto","background-attachment":"scroll","background-type":"","background-media":"","overlay-type":"","overlay-color":"","overlay-opacity":"","overlay-gradient":""},"mobile":{"background-color":"var(--ast-global-color-4)","background-image":"","background-repeat":"repeat","background-position":"center center","background-size":"auto","background-attachment":"scroll","background-type":"","background-media":"","overlay-type":"","overlay-color":"","overlay-opacity":"","overlay-gradient":""}},"_themeisle_gutenberg_block_has_review":false,"footnotes":""},"class_list":["post-33","page","type-page","status-publish","hentry"],"_links":{"self":[{"href":"http:\/\/gastronomiatrevigiana.com\/index.php\/wp-json\/wp\/v2\/pages\/33","targetHints":{"allow":["GET"]}}],"collection":[{"href":"http:\/\/gastronomiatrevigiana.com\/index.php\/wp-json\/wp\/v2\/pages"}],"about":[{"href":"http:\/\/gastronomiatrevigiana.com\/index.php\/wp-json\/wp\/v2\/types\/page"}],"author":[{"embeddable":true,"href":"http:\/\/gastronomiatrevigiana.com\/index.php\/wp-json\/wp\/v2\/users\/1"}],"replies":[{"embeddable":true,"href":"http:\/\/gastronomiatrevigiana.com\/index.php\/wp-json\/wp\/v2\/comments?post=33"}],"version-history":[{"count":43,"href":"http:\/\/gastronomiatrevigiana.com\/index.php\/wp-json\/wp\/v2\/pages\/33\/revisions"}],"predecessor-version":[{"id":492,"href":"http:\/\/gastronomiatrevigiana.com\/index.php\/wp-json\/wp\/v2\/pages\/33\/revisions\/492"}],"wp:attachment":[{"href":"http:\/\/gastronomiatrevigiana.com\/index.php\/wp-json\/wp\/v2\/media?parent=33"}],"curies":[{"name":"wp","href":"https:\/\/api.w.org\/{rel}","templated":true}]}}